{"id":2511,"date":"2024-12-30T10:52:30","date_gmt":"2024-12-30T10:52:30","guid":{"rendered":"https:\/\/herdadedabarrosinha.pt\/community\/"},"modified":"2026-01-02T19:59:24","modified_gmt":"2026-01-02T19:59:24","slug":"community","status":"publish","type":"page","link":"https:\/\/herdadedabarrosinha.pt\/en\/community\/","title":{"rendered":"Community"},"content":{"rendered":"\t\t<div data-elementor-type=\"wp-page\" data-elementor-id=\"2511\" class=\"elementor elementor-2511 elementor-1893\" data-elementor-post-type=\"page\">\n\t\t\t\t<div class=\"elementor-element elementor-element-39ac882 overview e-flex e-con-boxed e-con e-parent\" data-id=\"39ac882\" data-element_type=\"container\" data-settings=\"{&quot;background_background&quot;:&quot;classic&quot;}\">\n\t\t\t\t\t<div class=\"e-con-inner\">\n\t\t\t\t<div class=\"elementor-element elementor-element-07712de elementor-widget elementor-widget-text-editor\" data-id=\"07712de\" data-element_type=\"widget\" data-widget_type=\"text-editor.default\">\n\t\t\t\t<div class=\"elementor-widget-container\">\n\t\t\t\t\t\t\t\t\t<h1 style=\"font-size: 16px; color: #4b59c3;\">COMMUNITY<\/h1>\t\t\t\t\t\t\t\t<\/div>\n\t\t\t\t<\/div>\n\t\t\t\t<div class=\"elementor-element elementor-element-44f6f43 elementor-widget elementor-widget-text-editor\" data-id=\"44f6f43\" data-element_type=\"widget\" data-widget_type=\"text-editor.default\">\n\t\t\t\t<div class=\"elementor-widget-container\">\n\t\t\t\t\t\t\t\t\t<span style=\"color: #343434;\">Barrosinha is a place where time is organised by seasons, harvests and celebrations.<\/span>\t\t\t\t\t\t\t\t<\/div>\n\t\t\t\t<\/div>\n\t\t\t\t\t<\/div>\n\t\t\t\t<\/div>\n\t\t<div class=\"elementor-element elementor-element-17b8935 e-flex e-con-boxed e-con e-parent\" data-id=\"17b8935\" data-element_type=\"container\" data-settings=\"{&quot;background_background&quot;:&quot;classic&quot;}\">\n\t\t\t\t\t<div class=\"e-con-inner\">\n\t\t<div class=\"elementor-element elementor-element-6d7cd6d e-con-full e-flex e-con e-child\" data-id=\"6d7cd6d\" data-element_type=\"container\">\n\t\t\t\t<div class=\"elementor-element elementor-element-ee76166 elementor-pagination-position-outside elementor-widget elementor-widget-image-carousel\" data-id=\"ee76166\" data-element_type=\"widget\" data-settings=\"{&quot;slides_to_show&quot;:&quot;1&quot;,&quot;navigation&quot;:&quot;dots&quot;,&quot;infinite&quot;:&quot;yes&quot;,&quot;effect&quot;:&quot;slide&quot;,&quot;speed&quot;:500}\" data-widget_type=\"image-carousel.default\">\n\t\t\t\t<div class=\"elementor-widget-container\">\n\t\t\t\t\t\t\t<div class=\"elementor-image-carousel-wrapper swiper\" role=\"region\" aria-roledescription=\"carousel\" aria-label=\"Carrossel de imagens\" dir=\"ltr\">\n\t\t\t<div class=\"elementor-image-carousel swiper-wrapper swiper-image-stretch\" aria-live=\"polite\">\n\t\t\t\t\t\t\t\t<div class=\"swiper-slide\" role=\"group\" aria-roledescription=\"slide\" aria-label=\"1 of 1\"><figure class=\"swiper-slide-inner\"><img decoding=\"async\" class=\"swiper-slide-image\" src=\"https:\/\/herdadedabarrosinha.pt\/wp-content\/uploads\/2026\/01\/Barrosinha-Comunidade-Fachada.webp\" alt=\"Barrosinha Comunidade Fachada\" \/><\/figure><\/div>\t\t\t<\/div>\n\t\t\t\t\t<\/div>\n\t\t\t\t\t\t<\/div>\n\t\t\t\t<\/div>\n\t\t\t\t<\/div>\n\t\t<div class=\"elementor-element elementor-element-ce19c56 e-con-full e-flex e-con e-child\" data-id=\"ce19c56\" data-element_type=\"container\">\n\t\t\t\t<div class=\"elementor-element elementor-element-3515838 elementor-pagination-position-outside elementor-widget elementor-widget-image-carousel\" data-id=\"3515838\" data-element_type=\"widget\" data-settings=\"{&quot;slides_to_show&quot;:&quot;1&quot;,&quot;navigation&quot;:&quot;dots&quot;,&quot;infinite&quot;:&quot;yes&quot;,&quot;effect&quot;:&quot;slide&quot;,&quot;speed&quot;:500}\" data-widget_type=\"image-carousel.default\">\n\t\t\t\t<div class=\"elementor-widget-container\">\n\t\t\t\t\t\t\t<div class=\"elementor-image-carousel-wrapper swiper\" role=\"region\" aria-roledescription=\"carousel\" aria-label=\"Carrossel de imagens\" dir=\"ltr\">\n\t\t\t<div class=\"elementor-image-carousel swiper-wrapper swiper-image-stretch\" aria-live=\"polite\">\n\t\t\t\t\t\t\t\t<div class=\"swiper-slide\" role=\"group\" aria-roledescription=\"slide\" aria-label=\"1 of 1\"><figure class=\"swiper-slide-inner\"><img decoding=\"async\" class=\"swiper-slide-image\" src=\"https:\/\/herdadedabarrosinha.pt\/wp-content\/uploads\/2026\/01\/Barrosinha-Comunidade.webp\" alt=\"Barrosinha Comunidade\" \/><\/figure><\/div>\t\t\t<\/div>\n\t\t\t\t\t<\/div>\n\t\t\t\t\t\t<\/div>\n\t\t\t\t<\/div>\n\t\t\t\t<\/div>\n\t\t\t\t\t<\/div>\n\t\t\t\t<\/div>\n\t\t<div class=\"elementor-element elementor-element-c1a336d e-flex e-con-boxed e-con e-parent\" data-id=\"c1a336d\" data-element_type=\"container\" data-settings=\"{&quot;background_background&quot;:&quot;classic&quot;}\">\n\t\t\t\t\t<div class=\"e-con-inner\">\n\t\t<div class=\"elementor-element elementor-element-4031959 e-con-full e-flex e-con e-child\" data-id=\"4031959\" data-element_type=\"container\">\n\t\t\t\t<div class=\"elementor-element elementor-element-fc0a40f elementor-widget elementor-widget-heading\" data-id=\"fc0a40f\" data-element_type=\"widget\" data-widget_type=\"heading.default\">\n\t\t\t\t<div class=\"elementor-widget-container\">\n\t\t\t\t\t<h2 class=\"elementor-heading-title elementor-size-default\">BARROSINHA<\/h2>\t\t\t\t<\/div>\n\t\t\t\t<\/div>\n\t\t\t\t<div class=\"elementor-element elementor-element-ddf400c elementor-widget elementor-widget-text-editor\" data-id=\"ddf400c\" data-element_type=\"widget\" data-widget_type=\"text-editor.default\">\n\t\t\t\t<div class=\"elementor-widget-container\">\n\t\t\t\t\t\t\t\t\t<p>Rooted in tradition<\/p>\t\t\t\t\t\t\t\t<\/div>\n\t\t\t\t<\/div>\n\t\t\t\t<div class=\"elementor-element elementor-element-3c89c43 elementor-widget elementor-widget-text-editor\" data-id=\"3c89c43\" data-element_type=\"widget\" data-widget_type=\"text-editor.default\">\n\t\t\t\t<div class=\"elementor-widget-container\">\n\t\t\t\t\t\t\t\t\t<p>On the banks of the Sado estuary and just a short distance from the centre of Alc\u00e1cer do Sal, Barrosinha is one of those places where local history feels \u2018down to earth\u2019: in the riverside marshes, in the clay, in the agricultural work and in the collective rituals that span generations.<\/p>\t\t\t\t\t\t\t\t<\/div>\n\t\t\t\t<\/div>\n\t\t\t\t<\/div>\n\t\t<div class=\"elementor-element elementor-element-30b981a e-con-full e-flex e-con e-child\" data-id=\"30b981a\" data-element_type=\"container\">\n\t\t\t\t<div class=\"elementor-element elementor-element-ed2a31c elementor-widget elementor-widget-text-editor\" data-id=\"ed2a31c\" data-element_type=\"widget\" data-widget_type=\"text-editor.default\">\n\t\t\t\t<div class=\"elementor-widget-container\">\n\t\t\t\t\t\t\t\t\t<p>The name Barrosinha itself refers to the fertile clay soil of the region, an indication of the ancestral relationship between the land and those who work it. Human presence in this landscape dates back to ancient times, with traces of Roman occupation, but it was over the centuries that the estate took on the form we know today. <\/p><p>In 1947, the creation of Companhia Agr\u00edcola da Barrosinha structured a large-scale farm, covering around two thousand hectares, which would become one of the economic drivers of the municipality. Rice fields fed by the River Sado, cork oak forests, pine forests, cattle breeding and vineyards make up an agricultural mosaic that defines not only the landscape but also the local identity. <\/p><p>For much of the 20th century, Barrosinha functioned as a rural microcosm: a place of work, but also of social life. The old school, tavern and chapel made the estate a natural meeting place for workers and residents of the region. These layers of memory can still be felt today, even with the recent renovation of several buildings.  <\/p>\t\t\t\t\t\t\t\t<\/div>\n\t\t\t\t<\/div>\n\t\t\t\t<\/div>\n\t\t\t\t\t<\/div>\n\t\t\t\t<\/div>\n\t\t<div class=\"elementor-element elementor-element-784e21a e-con-full full-width-img e-flex e-con e-parent\" data-id=\"784e21a\" data-element_type=\"container\" data-settings=\"{&quot;background_background&quot;:&quot;classic&quot;}\">\n\t\t\t\t<div class=\"elementor-element elementor-element-0c86d13 elementor-widget elementor-widget-video\" data-id=\"0c86d13\" data-element_type=\"widget\" data-settings=\"{&quot;video_type&quot;:&quot;hosted&quot;,&quot;controls&quot;:&quot;yes&quot;}\" data-widget_type=\"video.default\">\n\t\t\t\t<div class=\"elementor-widget-container\">\n\t\t\t\t\t\t\t<div class=\"e-hosted-video elementor-wrapper elementor-open-inline\">\n\t\t\t\t\t<video class=\"elementor-video\" src=\"https:\/\/herdadedabarrosinha.pt\/wp-content\/uploads\/2026\/01\/Barrosinha.mp4\" controls=\"\" preload=\"metadata\" controlsList=\"nodownload\"><\/video>\n\t\t\t\t<\/div>\n\t\t\t\t\t\t<\/div>\n\t\t\t\t<\/div>\n\t\t\t\t<\/div>\n\t\t<div class=\"elementor-element elementor-element-bb0faca e-flex e-con-boxed e-con e-parent\" data-id=\"bb0faca\" data-element_type=\"container\" data-settings=\"{&quot;background_background&quot;:&quot;classic&quot;}\">\n\t\t\t\t\t<div class=\"e-con-inner\">\n\t\t<div class=\"elementor-element elementor-element-d3bfa3d e-con-full e-flex e-con e-child\" data-id=\"d3bfa3d\" data-element_type=\"container\">\n\t\t\t\t<div class=\"elementor-element elementor-element-d00b697 elementor-widget elementor-widget-text-editor\" data-id=\"d00b697\" data-element_type=\"widget\" data-widget_type=\"text-editor.default\">\n\t\t\t\t<div class=\"elementor-widget-container\">\n\t\t\t\t\t\t\t\t\t<p><strong>Barrosinha Pilgrimage, in devotion to Our Lady of the Immaculate Conception<\/strong><\/p><p>It is during the annual pilgrimage that Barrosinha becomes, in a more symbolic way, the \u2018heart\u2019 of Alc\u00e1cer do Sal. Once a year, the Chapel of Nossa Senhora da Concei\u00e7\u00e3o \u2014 inside the estate \u2014 fills up again: the inhabitants travel through the Sado marshlands and the Maceira hills on a journey of faith, tradition and community gathering. <\/p>\t\t\t\t\t\t\t\t<\/div>\n\t\t\t\t<\/div>\n\t\t\t\t<\/div>\n\t\t<div class=\"elementor-element elementor-element-ac39a88 e-con-full e-flex e-con e-child\" data-id=\"ac39a88\" data-element_type=\"container\">\n\t\t\t\t<div class=\"elementor-element elementor-element-c66442f elementor-widget elementor-widget-text-editor\" data-id=\"c66442f\" data-element_type=\"widget\" data-widget_type=\"text-editor.default\">\n\t\t\t\t<div class=\"elementor-widget-container\">\n\t\t\t\t\t\t\t\t\t<p>The origin of this devotion is linked to the founding of the chapel in 1681 by Manoel Marques, a soldier who, after the War of Restoration, sought seclusion and built a space dedicated to Our Lady of the Conception there.<\/p><p>With each edition, the pilgrimage reaffirms a simple yet powerful idea: the landscape is not just a backdrop, it is a sense of belonging. Walking together to the chapel transforms the territory into a shared emotional map \u2014 and Barrosinha into a place where economy, memory and spirituality come together to renew the community, year after year. <\/p>\t\t\t\t\t\t\t\t<\/div>\n\t\t\t\t<\/div>\n\t\t\t\t<\/div>\n\t\t\t\t\t<\/div>\n\t\t\t\t<\/div>\n\t\t<div class=\"elementor-element elementor-element-a9c6b4d e-grid e-con-boxed e-con e-parent\" data-id=\"a9c6b4d\" data-element_type=\"container\" data-settings=\"{&quot;background_background&quot;:&quot;classic&quot;}\">\n\t\t\t\t\t<div class=\"e-con-inner\">\n\t\t\t\t<div class=\"elementor-element elementor-element-d5e2c77 elementor-widget elementor-widget-image\" data-id=\"d5e2c77\" data-element_type=\"widget\" data-widget_type=\"image.default\">\n\t\t\t\t<div class=\"elementor-widget-container\">\n\t\t\t\t\t\t\t\t\t\t\t\t\t\t\t<img fetchpriority=\"high\" decoding=\"async\" width=\"1024\" height=\"1024\" src=\"https:\/\/herdadedabarrosinha.pt\/wp-content\/uploads\/2026\/01\/1-252-1024x1024.webp\" class=\"attachment-large size-large wp-image-5165\" alt=\"\" srcset=\"https:\/\/herdadedabarrosinha.pt\/wp-content\/uploads\/2026\/01\/1-252-1024x1024.webp 1024w, https:\/\/herdadedabarrosinha.pt\/wp-content\/uploads\/2026\/01\/1-252-300x300.webp 300w, https:\/\/herdadedabarrosinha.pt\/wp-content\/uploads\/2026\/01\/1-252-150x150.webp 150w, https:\/\/herdadedabarrosinha.pt\/wp-content\/uploads\/2026\/01\/1-252-768x768.webp 768w, https:\/\/herdadedabarrosinha.pt\/wp-content\/uploads\/2026\/01\/1-252.webp 1365w\" sizes=\"(max-width: 1024px) 100vw, 1024px\" \/>\t\t\t\t\t\t\t\t\t\t\t\t\t\t\t<\/div>\n\t\t\t\t<\/div>\n\t\t\t\t<div class=\"elementor-element elementor-element-24e3ccb elementor-widget elementor-widget-image\" data-id=\"24e3ccb\" data-element_type=\"widget\" data-widget_type=\"image.default\">\n\t\t\t\t<div class=\"elementor-widget-container\">\n\t\t\t\t\t\t\t\t\t\t\t\t\t\t\t<img decoding=\"async\" width=\"1024\" height=\"1024\" src=\"https:\/\/herdadedabarrosinha.pt\/wp-content\/uploads\/2026\/01\/1-259-1024x1024.webp\" class=\"attachment-large size-large wp-image-5167\" alt=\"\" srcset=\"https:\/\/herdadedabarrosinha.pt\/wp-content\/uploads\/2026\/01\/1-259-1024x1024.webp 1024w, https:\/\/herdadedabarrosinha.pt\/wp-content\/uploads\/2026\/01\/1-259-300x300.webp 300w, https:\/\/herdadedabarrosinha.pt\/wp-content\/uploads\/2026\/01\/1-259-150x150.webp 150w, https:\/\/herdadedabarrosinha.pt\/wp-content\/uploads\/2026\/01\/1-259-768x768.webp 768w, https:\/\/herdadedabarrosinha.pt\/wp-content\/uploads\/2026\/01\/1-259.webp 1365w\" sizes=\"(max-width: 1024px) 100vw, 1024px\" \/>\t\t\t\t\t\t\t\t\t\t\t\t\t\t\t<\/div>\n\t\t\t\t<\/div>\n\t\t\t\t<div class=\"elementor-element elementor-element-b5e5b88 elementor-widget elementor-widget-image\" data-id=\"b5e5b88\" data-element_type=\"widget\" data-widget_type=\"image.default\">\n\t\t\t\t<div class=\"elementor-widget-container\">\n\t\t\t\t\t\t\t\t\t\t\t\t\t\t\t<img decoding=\"async\" width=\"1024\" height=\"1024\" src=\"https:\/\/herdadedabarrosinha.pt\/wp-content\/uploads\/2026\/01\/1-103-1024x1024.webp\" class=\"attachment-large size-large wp-image-5171\" alt=\"\" srcset=\"https:\/\/herdadedabarrosinha.pt\/wp-content\/uploads\/2026\/01\/1-103-1024x1024.webp 1024w, https:\/\/herdadedabarrosinha.pt\/wp-content\/uploads\/2026\/01\/1-103-300x300.webp 300w, https:\/\/herdadedabarrosinha.pt\/wp-content\/uploads\/2026\/01\/1-103-150x150.webp 150w, https:\/\/herdadedabarrosinha.pt\/wp-content\/uploads\/2026\/01\/1-103-768x768.webp 768w, https:\/\/herdadedabarrosinha.pt\/wp-content\/uploads\/2026\/01\/1-103.webp 1365w\" sizes=\"(max-width: 1024px) 100vw, 1024px\" \/>\t\t\t\t\t\t\t\t\t\t\t\t\t\t\t<\/div>\n\t\t\t\t<\/div>\n\t\t\t\t\t<\/div>\n\t\t\t\t<\/div>\n\t\t<div class=\"elementor-element elementor-element-13c8e63 e-grid e-con-boxed e-con e-parent\" data-id=\"13c8e63\" data-element_type=\"container\" data-settings=\"{&quot;background_background&quot;:&quot;classic&quot;}\">\n\t\t\t\t\t<div class=\"e-con-inner\">\n\t\t\t\t<div class=\"elementor-element elementor-element-ca942ec elementor-widget elementor-widget-image\" data-id=\"ca942ec\" data-element_type=\"widget\" data-widget_type=\"image.default\">\n\t\t\t\t<div class=\"elementor-widget-container\">\n\t\t\t\t\t\t\t\t\t\t\t\t\t\t\t<img loading=\"lazy\" decoding=\"async\" width=\"1024\" height=\"1024\" src=\"https:\/\/herdadedabarrosinha.pt\/wp-content\/uploads\/2026\/01\/1-316-1024x1024.webp\" class=\"attachment-large size-large wp-image-5169\" alt=\"\" srcset=\"https:\/\/herdadedabarrosinha.pt\/wp-content\/uploads\/2026\/01\/1-316-1024x1024.webp 1024w, https:\/\/herdadedabarrosinha.pt\/wp-content\/uploads\/2026\/01\/1-316-300x300.webp 300w, https:\/\/herdadedabarrosinha.pt\/wp-content\/uploads\/2026\/01\/1-316-150x150.webp 150w, https:\/\/herdadedabarrosinha.pt\/wp-content\/uploads\/2026\/01\/1-316-768x768.webp 768w, https:\/\/herdadedabarrosinha.pt\/wp-content\/uploads\/2026\/01\/1-316.webp 1365w\" sizes=\"(max-width: 1024px) 100vw, 1024px\" \/>\t\t\t\t\t\t\t\t\t\t\t\t\t\t\t<\/div>\n\t\t\t\t<\/div>\n\t\t\t\t<div class=\"elementor-element elementor-element-ce13d42 elementor-widget elementor-widget-image\" data-id=\"ce13d42\" data-element_type=\"widget\" data-widget_type=\"image.default\">\n\t\t\t\t<div class=\"elementor-widget-container\">\n\t\t\t\t\t\t\t\t\t\t\t\t\t\t\t<img loading=\"lazy\" decoding=\"async\" width=\"1024\" height=\"1024\" src=\"https:\/\/herdadedabarrosinha.pt\/wp-content\/uploads\/2026\/01\/1-125-1024x1024.webp\" class=\"attachment-large size-large wp-image-5173\" alt=\"\" srcset=\"https:\/\/herdadedabarrosinha.pt\/wp-content\/uploads\/2026\/01\/1-125-1024x1024.webp 1024w, https:\/\/herdadedabarrosinha.pt\/wp-content\/uploads\/2026\/01\/1-125-300x300.webp 300w, https:\/\/herdadedabarrosinha.pt\/wp-content\/uploads\/2026\/01\/1-125-150x150.webp 150w, https:\/\/herdadedabarrosinha.pt\/wp-content\/uploads\/2026\/01\/1-125-768x768.webp 768w, https:\/\/herdadedabarrosinha.pt\/wp-content\/uploads\/2026\/01\/1-125.webp 1365w\" sizes=\"(max-width: 1024px) 100vw, 1024px\" \/>\t\t\t\t\t\t\t\t\t\t\t\t\t\t\t<\/div>\n\t\t\t\t<\/div>\n\t\t\t\t<div class=\"elementor-element elementor-element-e62dafc elementor-widget elementor-widget-image\" data-id=\"e62dafc\" data-element_type=\"widget\" data-widget_type=\"image.default\">\n\t\t\t\t<div class=\"elementor-widget-container\">\n\t\t\t\t\t\t\t\t\t\t\t\t\t\t\t<img loading=\"lazy\" decoding=\"async\" width=\"1024\" height=\"1024\" src=\"https:\/\/herdadedabarrosinha.pt\/wp-content\/uploads\/2026\/01\/1-77-1024x1024.webp\" class=\"attachment-large size-large wp-image-5175\" alt=\"\" srcset=\"https:\/\/herdadedabarrosinha.pt\/wp-content\/uploads\/2026\/01\/1-77-1024x1024.webp 1024w, https:\/\/herdadedabarrosinha.pt\/wp-content\/uploads\/2026\/01\/1-77-300x300.webp 300w, https:\/\/herdadedabarrosinha.pt\/wp-content\/uploads\/2026\/01\/1-77-150x150.webp 150w, https:\/\/herdadedabarrosinha.pt\/wp-content\/uploads\/2026\/01\/1-77-768x768.webp 768w, https:\/\/herdadedabarrosinha.pt\/wp-content\/uploads\/2026\/01\/1-77.webp 1365w\" sizes=\"(max-width: 1024px) 100vw, 1024px\" \/>\t\t\t\t\t\t\t\t\t\t\t\t\t\t\t<\/div>\n\t\t\t\t<\/div>\n\t\t\t\t\t<\/div>\n\t\t\t\t<\/div>\n\t\t\t\t<\/div>\n\t\t","protected":false},"excerpt":{"rendered":"<p>COMMUNITY Barrosinha is a place where time is organised by seasons, harvests and celebrations. BARROSINHA Rooted in tradition On the [&hellip;]<\/p>\n","protected":false},"author":4,"featured_media":0,"parent":0,"menu_order":0,"comment_status":"closed","ping_status":"closed","template":"","meta":{"site-sidebar-layout":"no-sidebar","site-content-layout":"","ast-site-content-layout":"full-width-container","site-content-style":"default","site-sidebar-style":"default","ast-global-header-display":"","ast-banner-title-visibility":"","ast-main-header-display":"","ast-hfb-above-header-display":"","ast-hfb-below-header-display":"","ast-hfb-mobile-header-display":"","site-post-title":"disabled","ast-breadcrumbs-content":"","ast-featured-img":"disabled","footer-sml-layout":"","theme-transparent-header-meta":"","adv-header-id-meta":"","stick-header-meta":"","header-above-stick-meta":"","header-main-stick-meta":"","header-below-stick-meta":"","astra-migrate-meta-layouts":"default","ast-page-background-enabled":"default","ast-page-background-meta":{"desktop":{"background-color":"var(--ast-global-color-4)","background-image":"","background-repeat":"repeat","background-position":"center center","background-size":"auto","background-attachment":"scroll","background-type":"","background-media":"","overlay-type":"","overlay-color":"","overlay-opacity":"","overlay-gradient":""},"tablet":{"background-color":"","background-image":"","background-repeat":"repeat","background-position":"center center","background-size":"auto","background-attachment":"scroll","background-type":"","background-media":"","overlay-type":"","overlay-color":"","overlay-opacity":"","overlay-gradient":""},"mobile":{"background-color":"","background-image":"","background-repeat":"repeat","background-position":"center center","background-size":"auto","background-attachment":"scroll","background-type":"","background-media":"","overlay-type":"","overlay-color":"","overlay-opacity":"","overlay-gradient":""}},"ast-content-background-meta":{"desktop":{"background-color":"var(--ast-global-color-5)","background-image":"","background-repeat":"repeat","background-position":"center center","background-size":"auto","background-attachment":"scroll","background-type":"","background-media":"","overlay-type":"","overlay-color":"","overlay-opacity":"","overlay-gradient":""},"tablet":{"background-color":"var(--ast-global-color-5)","background-image":"","background-repeat":"repeat","background-position":"center center","background-size":"auto","background-attachment":"scroll","background-type":"","background-media":"","overlay-type":"","overlay-color":"","overlay-opacity":"","overlay-gradient":""},"mobile":{"background-color":"var(--ast-global-color-5)","background-image":"","background-repeat":"repeat","background-position":"center center","background-size":"auto","background-attachment":"scroll","background-type":"","background-media":"","overlay-type":"","overlay-color":"","overlay-opacity":"","overlay-gradient":""}},"footnotes":""},"class_list":["post-2511","page","type-page","status-publish","hentry"],"_links":{"self":[{"href":"https:\/\/herdadedabarrosinha.pt\/en\/wp-json\/wp\/v2\/pages\/2511","targetHints":{"allow":["GET"]}}],"collection":[{"href":"https:\/\/herdadedabarrosinha.pt\/en\/wp-json\/wp\/v2\/pages"}],"about":[{"href":"https:\/\/herdadedabarrosinha.pt\/en\/wp-json\/wp\/v2\/types\/page"}],"author":[{"embeddable":true,"href":"https:\/\/herdadedabarrosinha.pt\/en\/wp-json\/wp\/v2\/users\/4"}],"replies":[{"embeddable":true,"href":"https:\/\/herdadedabarrosinha.pt\/en\/wp-json\/wp\/v2\/comments?post=2511"}],"version-history":[{"count":5,"href":"https:\/\/herdadedabarrosinha.pt\/en\/wp-json\/wp\/v2\/pages\/2511\/revisions"}],"predecessor-version":[{"id":5179,"href":"https:\/\/herdadedabarrosinha.pt\/en\/wp-json\/wp\/v2\/pages\/2511\/revisions\/5179"}],"wp:attachment":[{"href":"https:\/\/herdadedabarrosinha.pt\/en\/wp-json\/wp\/v2\/media?parent=2511"}],"curies":[{"name":"wp","href":"https:\/\/api.w.org\/{rel}","templated":true}]}}